{"id":197,"date":"2025-05-06T16:37:05","date_gmt":"2025-05-06T16:37:05","guid":{"rendered":"https:\/\/hedonic.grabuge.dev\/?page_id=197"},"modified":"2025-07-22T05:57:14","modified_gmt":"2025-07-22T05:57:14","slug":"hedonic-on-scroll","status":"publish","type":"page","link":"https:\/\/hedonic.grabuge.dev\/en\/hedonic-on-scroll\/","title":{"rendered":"Hedonic On scroll"},"content":{"rendered":"<div data-elementor-type=\"wp-page\" data-elementor-id=\"197\" class=\"elementor elementor-197\" data-elementor-post-type=\"page\">\n\t\t\t\t<div class=\"elementor-element elementor-element-5ccc34a e-flex e-con-boxed e-con e-parent\" data-id=\"5ccc34a\" data-element_type=\"container\">\n\t\t\t\t\t<div class=\"e-con-inner\">\n\t\t\t\t<div class=\"elementor-element elementor-element-fbdea08 elementor-widget elementor-widget-image\" data-id=\"fbdea08\" data-element_type=\"widget\" data-widget_type=\"image.default\">\n\t\t\t\t<div class=\"elementor-widget-container\">\n\t\t\t\t\t\t\t\t\t\t\t\t\t\t\t<img decoding=\"async\" width=\"108\" height=\"48\" src=\"https:\/\/hedonic.grabuge.dev\/wp-content\/uploads\/2025\/05\/Hedonic-logo-blanc.svg\" class=\"attachment-full size-full wp-image-232\" alt=\"\" \/>\t\t\t\t\t\t\t\t\t\t\t\t\t\t\t<\/div>\n\t\t\t\t<\/div>\n\t\t\t\t\t<\/div>\n\t\t\t\t<\/div>\n\t\t<div class=\"elementor-element elementor-element-a7c7c4b e-con-full e-flex e-con e-parent\" data-id=\"a7c7c4b\" data-element_type=\"container\">\n\t\t\t\t<div class=\"elementor-element elementor-element-5ed297b elementor-widget elementor-widget-heading\" data-id=\"5ed297b\" data-element_type=\"widget\" data-settings=\"{&quot;motion_fx_motion_fx_scrolling&quot;:&quot;yes&quot;,&quot;motion_fx_opacity_effect&quot;:&quot;yes&quot;,&quot;motion_fx_opacity_range&quot;:{&quot;unit&quot;:&quot;%&quot;,&quot;size&quot;:&quot;&quot;,&quot;sizes&quot;:{&quot;start&quot;:42,&quot;end&quot;:69}},&quot;motion_fx_opacity_direction&quot;:&quot;out-in&quot;,&quot;motion_fx_opacity_level&quot;:{&quot;unit&quot;:&quot;px&quot;,&quot;size&quot;:10,&quot;sizes&quot;:[]},&quot;motion_fx_devices&quot;:[&quot;desktop&quot;,&quot;tablet&quot;,&quot;mobile&quot;]}\" data-widget_type=\"heading.default\">\n\t\t\t\t<div class=\"elementor-widget-container\">\n\t\t\t\t\t<p class=\"elementor-heading-title elementor-size-default\">DIVISION H<\/p>\t\t\t\t<\/div>\n\t\t\t\t<\/div>\n\t\t\t\t<div class=\"elementor-element elementor-element-c271613 elementor-widget elementor-widget-heading\" data-id=\"c271613\" data-element_type=\"widget\" data-settings=\"{&quot;motion_fx_motion_fx_scrolling&quot;:&quot;yes&quot;,&quot;motion_fx_translateX_effect&quot;:&quot;yes&quot;,&quot;motion_fx_translateX_direction&quot;:&quot;negative&quot;,&quot;motion_fx_translateX_speed&quot;:{&quot;unit&quot;:&quot;px&quot;,&quot;size&quot;:8.9,&quot;sizes&quot;:[]},&quot;motion_fx_translateX_affectedRange&quot;:{&quot;unit&quot;:&quot;%&quot;,&quot;size&quot;:&quot;&quot;,&quot;sizes&quot;:{&quot;start&quot;:0,&quot;end&quot;:100}},&quot;motion_fx_devices&quot;:[&quot;desktop&quot;,&quot;tablet&quot;,&quot;mobile&quot;]}\" data-widget_type=\"heading.default\">\n\t\t\t\t<div class=\"elementor-widget-container\">\n\t\t\t\t\t<h2 class=\"elementor-heading-title elementor-size-default\">PROJET H00<\/h2>\t\t\t\t<\/div>\n\t\t\t\t<\/div>\n\t\t\t\t<\/div>\n\t\t<div class=\"elementor-element elementor-element-50d6a86 e-con-full e-flex e-con e-parent\" data-id=\"50d6a86\" data-element_type=\"container\">\n\t\t\t\t<div class=\"elementor-element elementor-element-bb9e409 cool-split elementor-widget elementor-widget-text-editor\" data-id=\"bb9e409\" data-element_type=\"widget\" data-widget_type=\"text-editor.default\">\n\t\t\t\t<div class=\"elementor-widget-container\">\n\t\t\t\t\t\t\t\t\t<h2><span class=\"caviarde delay-0 visible\">Hedonic<\/span> redonne vie aux <span class=\"caviarde delay-1 visible\">r\u00eaves<\/span><br \/>Chaque ligne raconte une <span class=\"caviarde delay-2 visible\">Histoire<\/span><br \/>Chaque <span class=\"caviarde delay-3 visible\">son<\/span> r\u00e9veille une <span class=\"caviarde delay-4 visible\">m\u00e9moire<\/span><br \/>Chaque d\u00e9tail touche <span class=\"caviarde delay-5 visible\">l\u2019\u00e2me<\/span><br \/>Ce n\u2019est pas une voiture<br \/>C\u2019est une <span class=\"caviarde delay-6 visible\">\u00e9motion<\/span> pure<br \/>Une <span class=\"caviarde delay-7 visible\">sculpture<\/span> qui respire<br \/>Un <span class=\"caviarde delay-8 visible\">hommage<\/span> au pass\u00e9<br \/>Une vision du <span class=\"caviarde delay-9 visible\">futur<\/span><br \/>Une <span class=\"caviarde delay-10 visible\">invitation<\/span> \u00e0 ressentir<\/h2>\t\t\t\t\t\t\t\t<\/div>\n\t\t\t\t<\/div>\n\t\t\t\t<div class=\"elementor-element elementor-element-e93aef7 elementor-widget elementor-widget-html\" data-id=\"e93aef7\" data-element_type=\"widget\" data-widget_type=\"html.default\">\n\t\t\t\t<div class=\"elementor-widget-container\">\n\t\t\t\t\t<script src=\"https:\/\/cdnjs.cloudflare.com\/ajax\/libs\/gsap\/3.12.5\/gsap.min.js\"><\/script>\n<script src=\"https:\/\/unpkg.com\/gsap@3\/dist\/ScrollTrigger.min.js\"><\/script>\n<script src=\"https:\/\/cdn.jsdelivr.net\/npm\/split-type@0.3.4\/umd\/index.min.js\"><\/script>\n\n<script>\n\ngsap.registerPlugin(ScrollTrigger);\n\nconst split = new SplitType(\".cool-split h2\", {\n  types: \"words, chars\",\n});\n\nconst tl = gsap\n  .timeline({\n    scrollTrigger: {\n      trigger: \".about\",\n      start: \"top -10%\",\n      end: \"+=120%\",\n      scrub: 1.8,\n    },\n  })\n  .set(\n    split.chars,\n    {\n      duration: 0.3,\n      color: \"white\",\n      stagger: 0.1,\n    },\n    0.1\n  );\n<\/script>\t\t\t\t<\/div>\n\t\t\t\t<\/div>\n\t\t\t\t<\/div>\n\t\t<div class=\"elementor-element elementor-element-cad4c49 e-con-full e-flex e-con e-parent\" data-id=\"cad4c49\" data-element_type=\"container\" data-settings=\"{&quot;background_background&quot;:&quot;classic&quot;}\">\n\t\t\t\t<div class=\"elementor-element elementor-element-896d2f7 elementor-widget elementor-widget-heading\" data-id=\"896d2f7\" data-element_type=\"widget\" data-settings=\"{&quot;motion_fx_motion_fx_scrolling&quot;:&quot;yes&quot;,&quot;motion_fx_opacity_effect&quot;:&quot;yes&quot;,&quot;motion_fx_opacity_range&quot;:{&quot;unit&quot;:&quot;%&quot;,&quot;size&quot;:&quot;&quot;,&quot;sizes&quot;:{&quot;start&quot;:42,&quot;end&quot;:69}},&quot;motion_fx_opacity_direction&quot;:&quot;out-in&quot;,&quot;motion_fx_opacity_level&quot;:{&quot;unit&quot;:&quot;px&quot;,&quot;size&quot;:10,&quot;sizes&quot;:[]},&quot;motion_fx_devices&quot;:[&quot;desktop&quot;,&quot;tablet&quot;,&quot;mobile&quot;]}\" data-widget_type=\"heading.default\">\n\t\t\t\t<div class=\"elementor-widget-container\">\n\t\t\t\t\t<h1 class=\"elementor-heading-title elementor-size-default\">PORSCHE 964 TARGA - [RE]CREATION<\/h1>\t\t\t\t<\/div>\n\t\t\t\t<\/div>\n\t\t\t\t<\/div>\n\t\t<div class=\"elementor-element elementor-element-130de40 e-flex e-con-boxed e-con e-parent\" data-id=\"130de40\" data-element_type=\"container\">\n\t\t\t\t\t<div class=\"e-con-inner\">\n\t\t\t\t<div class=\"elementor-element elementor-element-530a5d7 elementor-widget elementor-widget-heading\" data-id=\"530a5d7\" data-element_type=\"widget\" data-settings=\"{&quot;motion_fx_motion_fx_scrolling&quot;:&quot;yes&quot;,&quot;motion_fx_translateX_effect&quot;:&quot;yes&quot;,&quot;motion_fx_translateX_direction&quot;:&quot;negative&quot;,&quot;motion_fx_translateX_speed&quot;:{&quot;unit&quot;:&quot;px&quot;,&quot;size&quot;:8.9,&quot;sizes&quot;:[]},&quot;motion_fx_translateX_affectedRange&quot;:{&quot;unit&quot;:&quot;%&quot;,&quot;size&quot;:&quot;&quot;,&quot;sizes&quot;:{&quot;start&quot;:0,&quot;end&quot;:100}},&quot;motion_fx_devices&quot;:[&quot;desktop&quot;,&quot;tablet&quot;,&quot;mobile&quot;]}\" data-widget_type=\"heading.default\">\n\t\t\t\t<div class=\"elementor-widget-container\">\n\t\t\t\t\t<h2 class=\"elementor-heading-title elementor-size-default\">MANIFESTE<\/h2>\t\t\t\t<\/div>\n\t\t\t\t<\/div>\n\t\t\t\t<div class=\"elementor-element elementor-element-77920d3 elementor-widget elementor-widget-html\" data-id=\"77920d3\" data-element_type=\"widget\" data-widget_type=\"html.default\">\n\t\t\t\t<div class=\"elementor-widget-container\">\n\t\t\t\t\t<div class=\"hedonic-text-container\">\n  <div class=\"hedonic-text-section\" data-index=\"1\">\n    <p>Hedonic Machines curates an extraordinary experiential realm, systematically crafting a universe where every element awakens singular emotions.<\/p>\n  <\/div>\n  \n  <div class=\"hedonic-text-section\" data-index=\"2\">\n    <p>Notre essence m\u00e9canique \u2014 fondement non n\u00e9gociable de notre identit\u00e9 \u2014 incarne la dualit\u00e9 conceptuelle de <span class=\"hedonic-highlight\">[re]creation<\/span> : r\u00e9surrection m\u00e9ticuleuse de ces machines d'exception et quintessence du plaisir kinesth\u00e9sique qu'elles procurent.<\/p>\n  <\/div>\n  \n  <div class=\"hedonic-text-section\" data-index=\"3\">\n    <p>Nos cr\u00e9ations fusionnent un savoir-faire artisanal jalousement pr\u00e9serv\u00e9 avec des perc\u00e9es techniques discr\u00e8tes mais d\u00e9cisives, \u00e9tablissant une tension d\u00e9lib\u00e9r\u00e9e entre h\u00e9ritage et prospective.<\/p>\n  <\/div>\n  \n  <div class=\"hedonic-text-section\" data-index=\"4\">\n    <p>L'extension strat\u00e9gique de notre univers vers des objets connexes et l'\u00e9tablissement d'alliances avec des maisons r\u00e9f\u00e9rentes nous permettent d'\u00e9tendre notre influence au-del\u00e0 des cercles d'initi\u00e9s, consolidant une communaut\u00e9 internationale d'aficionados.<\/p>\n  <\/div>\n  \n  <div class=\"hedonic-text-section\" data-index=\"5\">\n    <p>Hedonic Machines s'engage ainsi sur cette trajectoire ambitieuse, explorant avec d\u00e9termination ces nouveaux territoires h\u00e9donistes encore vierges.<\/p>\n  <\/div>\n<\/div>\n\n<script>\njQuery(document).ready(function($) {\n  \/\/ Options d'animation\n  const animateOptions = {\n    threshold: 0.25,\n    rootMargin: \"0px 0px -15% 0px\"\n  };\n  \n  \/\/ Cr\u00e9er l'observateur\n  const observer = new IntersectionObserver(function(entries) {\n    entries.forEach(entry => {\n      \/\/ R\u00e9agit \u00e0 l'entr\u00e9e et \u00e0 la sortie du viewport\n      if (entry.isIntersecting) {\n        entry.target.classList.add('in-view');\n        entry.target.classList.remove('out-view');\n      } else {\n        \/\/ Si l'\u00e9l\u00e9ment est d\u00e9j\u00e0 apparu une fois\n        if (entry.target.classList.contains('in-view')) {\n          entry.target.classList.add('out-view');\n          entry.target.classList.remove('in-view');\n        }\n      }\n    });\n  }, animateOptions);\n  \n  \/\/ Observer chaque section\n  $('.hedonic-text-section').each(function() {\n    observer.observe(this);\n  });\n});\n<\/script>\t\t\t\t<\/div>\n\t\t\t\t<\/div>\n\t\t\t\t\t<\/div>\n\t\t\t\t<\/div>\n\t\t<div class=\"elementor-element elementor-element-e8312fb e-con-full e-flex e-con e-parent\" data-id=\"e8312fb\" data-element_type=\"container\" data-settings=\"{&quot;background_background&quot;:&quot;classic&quot;,&quot;background_motion_fx_motion_fx_mouse&quot;:&quot;yes&quot;,&quot;background_motion_fx_mouseTrack_effect&quot;:&quot;yes&quot;,&quot;background_motion_fx_mouseTrack_direction&quot;:&quot;negative&quot;,&quot;background_motion_fx_mouseTrack_speed&quot;:{&quot;unit&quot;:&quot;px&quot;,&quot;size&quot;:1,&quot;sizes&quot;:[]}}\">\n\t\t<div class=\"elementor-element elementor-element-64251b9 e-grid e-con-full e-con e-child\" data-id=\"64251b9\" data-element_type=\"container\">\n\t\t\t\t<div class=\"elementor-element elementor-element-508a3fc elementor-widget elementor-widget-spacer\" data-id=\"508a3fc\" data-element_type=\"widget\" data-widget_type=\"spacer.default\">\n\t\t\t\t<div class=\"elementor-widget-container\">\n\t\t\t\t\t\t\t<div class=\"elementor-spacer\">\n\t\t\t<div class=\"elementor-spacer-inner\"><\/div>\n\t\t<\/div>\n\t\t\t\t\t\t<\/div>\n\t\t\t\t<\/div>\n\t\t\t\t<div class=\"elementor-element elementor-element-a0385fe elementor-widget elementor-widget-spacer\" data-id=\"a0385fe\" data-element_type=\"widget\" data-widget_type=\"spacer.default\">\n\t\t\t\t<div class=\"elementor-widget-container\">\n\t\t\t\t\t\t\t<div class=\"elementor-spacer\">\n\t\t\t<div class=\"elementor-spacer-inner\"><\/div>\n\t\t<\/div>\n\t\t\t\t\t\t<\/div>\n\t\t\t\t<\/div>\n\t\t\t\t<div class=\"elementor-element elementor-element-2ae5de2 elementor-invisible elementor-widget elementor-widget-text-editor\" data-id=\"2ae5de2\" data-element_type=\"widget\" data-settings=\"{&quot;sticky&quot;:&quot;bottom&quot;,&quot;sticky_parent&quot;:&quot;yes&quot;,&quot;_animation&quot;:&quot;swing&quot;,&quot;sticky_on&quot;:[&quot;desktop&quot;,&quot;tablet&quot;,&quot;mobile&quot;],&quot;sticky_offset&quot;:0,&quot;sticky_effects_offset&quot;:0,&quot;sticky_anchor_link_offset&quot;:0}\" data-widget_type=\"text-editor.default\">\n\t\t\t\t<div class=\"elementor-widget-container\">\n\t\t\t\t\t\t\t\t\t<p>Apr\u00e8s 3 ann\u00e9es de prototypage, le mod\u00e8le H000 na\u00eet d&rsquo;une Porsche 964 Targa. La machine, enti\u00e8rement redessin\u00e9e \u00e0 partir du ch\u00e2ssis nu, prend forme sous le crayon de notre designer, puis dans notre studio 3D. Du fonctionnel \u00e0 l&rsquo;identit\u00e9 compl\u00e8te, tout est con\u00e7u en harmonie avec le client d\u00e8s l&rsquo;origine du projet.<\/p>\t\t\t\t\t\t\t\t<\/div>\n\t\t\t\t<\/div>\n\t\t\t\t<\/div>\n\t\t\t\t<\/div>\n\t\t<div class=\"elementor-element elementor-element-77f3db1 e-con-full e-flex e-con e-parent\" data-id=\"77f3db1\" data-element_type=\"container\" data-settings=\"{&quot;background_background&quot;:&quot;classic&quot;}\">\n\t\t<div class=\"elementor-element elementor-element-257c008 e-grid e-con-full e-con e-child\" data-id=\"257c008\" data-element_type=\"container\">\n\t\t\t\t<div class=\"elementor-element elementor-element-ad3dc64 elementor-widget elementor-widget-heading\" data-id=\"ad3dc64\" data-element_type=\"widget\" data-settings=\"{&quot;sticky&quot;:&quot;bottom&quot;,&quot;sticky_parent&quot;:&quot;yes&quot;,&quot;sticky_on&quot;:[&quot;desktop&quot;,&quot;tablet&quot;,&quot;mobile&quot;],&quot;sticky_offset&quot;:0,&quot;sticky_effects_offset&quot;:0,&quot;sticky_anchor_link_offset&quot;:0}\" data-widget_type=\"heading.default\">\n\t\t\t\t<div class=\"elementor-widget-container\">\n\t\t\t\t\t<h2 class=\"elementor-heading-title elementor-size-default\">WIREFRAME<br>\nDIVISION H<\/h2>\t\t\t\t<\/div>\n\t\t\t\t<\/div>\n\t\t\t\t<div class=\"elementor-element elementor-element-3249c0c elementor-invisible elementor-widget elementor-widget-text-editor\" data-id=\"3249c0c\" data-element_type=\"widget\" data-settings=\"{&quot;sticky&quot;:&quot;bottom&quot;,&quot;sticky_offset&quot;:200,&quot;sticky_effects_offset&quot;:200,&quot;sticky_parent&quot;:&quot;yes&quot;,&quot;_animation&quot;:&quot;slideInUp&quot;,&quot;sticky_on&quot;:[&quot;desktop&quot;,&quot;tablet&quot;,&quot;mobile&quot;],&quot;sticky_anchor_link_offset&quot;:0}\" data-widget_type=\"text-editor.default\">\n\t\t\t\t<div class=\"elementor-widget-container\">\n\t\t\t\t\t\t\t\t\t<p>Outre l\u2019aspect sur-mesure, des pr\u00e9visualisations en 3D et en r\u00e9alit\u00e9 virtuelletransforment le processus un voyage immersif totalement unique pour toutes les parties prenantes.<br \/>Chaque client est unique, chaque voyage et chaque pr\u00e9paration Hedonic le sera.<br \/>Tout au long du voyage, le client insuffle sa personnalit\u00e9 dans le projet.<\/p>\t\t\t\t\t\t\t\t<\/div>\n\t\t\t\t<\/div>\n\t\t\t\t<div class=\"elementor-element elementor-element-45db523 elementor-widget elementor-widget-spacer\" data-id=\"45db523\" data-element_type=\"widget\" data-widget_type=\"spacer.default\">\n\t\t\t\t<div class=\"elementor-widget-container\">\n\t\t\t\t\t\t\t<div class=\"elementor-spacer\">\n\t\t\t<div class=\"elementor-spacer-inner\"><\/div>\n\t\t<\/div>\n\t\t\t\t\t\t<\/div>\n\t\t\t\t<\/div>\n\t\t\t\t<\/div>\n\t\t\t\t<\/div>\n\t\t<div class=\"elementor-element elementor-element-bacb0ff e-flex e-con-boxed e-con e-parent\" data-id=\"bacb0ff\" data-element_type=\"container\" data-settings=\"{&quot;background_background&quot;:&quot;classic&quot;,&quot;background_motion_fx_motion_fx_mouse&quot;:&quot;yes&quot;,&quot;background_motion_fx_mouseTrack_effect&quot;:&quot;yes&quot;,&quot;background_motion_fx_mouseTrack_direction&quot;:&quot;negative&quot;,&quot;background_motion_fx_mouseTrack_speed&quot;:{&quot;unit&quot;:&quot;px&quot;,&quot;size&quot;:1,&quot;sizes&quot;:[]}}\">\n\t\t\t\t\t<div class=\"e-con-inner\">\n\t\t\t\t<div class=\"elementor-element elementor-element-0d48bfa elementor-widget elementor-widget-image\" data-id=\"0d48bfa\" data-element_type=\"widget\" data-widget_type=\"image.default\">\n\t\t\t\t<div class=\"elementor-widget-container\">\n\t\t\t\t\t\t\t\t\t\t\t\t\t\t\t<img decoding=\"async\" width=\"108\" height=\"48\" src=\"https:\/\/hedonic.grabuge.dev\/wp-content\/uploads\/2025\/05\/Hedonic-logo-blanc.svg\" class=\"attachment-large size-large wp-image-232\" alt=\"\" \/>\t\t\t\t\t\t\t\t\t\t\t\t\t\t\t<\/div>\n\t\t\t\t<\/div>\n\t\t\t\t<div class=\"elementor-element elementor-element-9b747c5 elementor-widget elementor-widget-heading\" data-id=\"9b747c5\" data-element_type=\"widget\" data-widget_type=\"heading.default\">\n\t\t\t\t<div class=\"elementor-widget-container\">\n\t\t\t\t\t<h2 class=\"elementor-heading-title elementor-size-default\"><span class=\"elementor-heading-title elementor-size-default elementor-inline-editing pen\" data-elementor-setting-key=\"title\" data-pen-placeholder=\"\u00c9crivez ici...\" style=\"margin-block: 0.5rem 1rem; font-size: 2rem; outline-color: currentcolor; outline-style: none;\">MAKE IT MINE<\/span><\/h2>\t\t\t\t<\/div>\n\t\t\t\t<\/div>\n\t\t\t\t<div class=\"elementor-element elementor-element-1528fd9 elementor-button-align-stretch elementor-widget elementor-widget-form\" data-id=\"1528fd9\" data-element_type=\"widget\" data-settings=\"{&quot;step_next_label&quot;:&quot;Next&quot;,&quot;step_previous_label&quot;:&quot;Previous&quot;,&quot;button_width&quot;:&quot;100&quot;,&quot;step_type&quot;:&quot;number_text&quot;,&quot;step_icon_shape&quot;:&quot;circle&quot;}\" data-widget_type=\"form.default\">\n\t\t\t\t<div class=\"elementor-widget-container\">\n\t\t\t\t\t\t\t<form class=\"elementor-form\" method=\"post\" name=\"New Form\" action=\"\">\n\t\t\t<input type=\"hidden\" name=\"post_id\" value=\"197\"\/>\n\t\t\t<input type=\"hidden\" name=\"form_id\" value=\"1528fd9\"\/>\n\t\t\t<input type=\"hidden\" name=\"referer_title\" value=\"Hedonic On scroll\" \/>\n\n\t\t\t\t\t\t\t<input type=\"hidden\" name=\"queried_id\" value=\"197\"\/>\n\t\t\t\n\t\t\t<div class=\"elementor-form-fields-wrapper elementor-labels-above\">\n\t\t\t\t\t\t\t\t<div class=\"elementor-field-type-text elementor-field-group elementor-column elementor-field-group-name elementor-col-100\">\n\t\t\t\t\t\t\t\t\t\t\t\t<label for=\"form-field-name\" class=\"elementor-field-label\">\n\t\t\t\t\t\t\t\tNom\t\t\t\t\t\t\t<\/label>\n\t\t\t\t\t\t\t\t\t\t\t\t\t\t<input size=\"1\" type=\"text\" name=\"form_fields[name]\" id=\"form-field-name\" class=\"elementor-field elementor-size-sm  elementor-field-textual\">\n\t\t\t\t\t\t\t\t\t\t\t<\/div>\n\t\t\t\t\t\t\t\t<div class=\"elementor-field-type-text elementor-field-group elementor-column elementor-field-group-field_9fccc09 elementor-col-100\">\n\t\t\t\t\t\t\t\t\t\t\t\t<label for=\"form-field-field_9fccc09\" class=\"elementor-field-label\">\n\t\t\t\t\t\t\t\tPr\u00e9nom\t\t\t\t\t\t\t<\/label>\n\t\t\t\t\t\t\t\t\t\t\t\t\t\t<input size=\"1\" type=\"text\" name=\"form_fields[field_9fccc09]\" id=\"form-field-field_9fccc09\" class=\"elementor-field elementor-size-sm  elementor-field-textual\">\n\t\t\t\t\t\t\t\t\t\t\t<\/div>\n\t\t\t\t\t\t\t\t<div class=\"elementor-field-type-tel elementor-field-group elementor-column elementor-field-group-field_dc31412 elementor-col-100\">\n\t\t\t\t\t\t\t\t\t\t\t\t<label for=\"form-field-field_dc31412\" class=\"elementor-field-label\">\n\t\t\t\t\t\t\t\tT\u00e9lephone\t\t\t\t\t\t\t<\/label>\n\t\t\t\t\t\t\t\t<input size=\"1\" type=\"tel\" name=\"form_fields[field_dc31412]\" id=\"form-field-field_dc31412\" class=\"elementor-field elementor-size-sm  elementor-field-textual\" pattern=\"[0-9()#&amp;+*-=.]+\" title=\"Only numbers and phone characters (#, -, *, etc) are accepted.\">\n\n\t\t\t\t\t\t<\/div>\n\t\t\t\t\t\t\t\t<div class=\"elementor-field-type-email elementor-field-group elementor-column elementor-field-group-email elementor-col-100 elementor-field-required\">\n\t\t\t\t\t\t\t\t\t\t\t\t<label for=\"form-field-email\" class=\"elementor-field-label\">\n\t\t\t\t\t\t\t\tEmail\t\t\t\t\t\t\t<\/label>\n\t\t\t\t\t\t\t\t\t\t\t\t\t\t<input size=\"1\" type=\"email\" name=\"form_fields[email]\" id=\"form-field-email\" class=\"elementor-field elementor-size-sm  elementor-field-textual\" required=\"required\">\n\t\t\t\t\t\t\t\t\t\t\t<\/div>\n\t\t\t\t\t\t\t\t<div class=\"elementor-field-type-text elementor-field-group elementor-column elementor-field-group-field_edf8891 elementor-col-100\">\n\t\t\t\t\t\t\t\t\t\t\t\t<label for=\"form-field-field_edf8891\" class=\"elementor-field-label\">\n\t\t\t\t\t\t\t\tPays\t\t\t\t\t\t\t<\/label>\n\t\t\t\t\t\t\t\t\t\t\t\t\t\t<input size=\"1\" type=\"text\" name=\"form_fields[field_edf8891]\" id=\"form-field-field_edf8891\" class=\"elementor-field elementor-size-sm  elementor-field-textual\">\n\t\t\t\t\t\t\t\t\t\t\t<\/div>\n\t\t\t\t\t\t\t\t<div class=\"elementor-field-type-textarea elementor-field-group elementor-column elementor-field-group-message elementor-col-100\">\n\t\t\t\t\t\t\t\t\t\t\t\t<label for=\"form-field-message\" class=\"elementor-field-label\">\n\t\t\t\t\t\t\t\tMessage\t\t\t\t\t\t\t<\/label>\n\t\t\t\t\t\t<textarea class=\"elementor-field-textual elementor-field  elementor-size-sm\" name=\"form_fields[message]\" id=\"form-field-message\" rows=\"4\"><\/textarea>\t\t\t\t<\/div>\n\t\t\t\t\t\t\t\t<div class=\"elementor-field-group elementor-column elementor-field-type-submit elementor-col-100 e-form__buttons\">\n\t\t\t\t\t<button class=\"elementor-button elementor-size-sm\" type=\"submit\">\n\t\t\t\t\t\t<span class=\"elementor-button-content-wrapper\">\n\t\t\t\t\t\t\t\t\t\t\t\t\t\t\t\t\t\t\t\t\t\t<span class=\"elementor-button-text\">ENVOYER<\/span>\n\t\t\t\t\t\t\t\t\t\t\t\t\t<\/span>\n\t\t\t\t\t<\/button>\n\t\t\t\t<\/div>\n\t\t\t<\/div>\n\t\t<input type=\"hidden\" name=\"trp-form-language\" value=\"en\"\/><\/form>\n\t\t\t\t\t\t<\/div>\n\t\t\t\t<\/div>\n\t\t\t\t\t<\/div>\n\t\t\t\t<\/div>\n\t\t\t\t<\/div>","protected":false},"excerpt":{"rendered":"<p>DIVISION H PROJET H00 Hedonic redonne vie aux r\u00eavesChaque ligne raconte une HistoireChaque son r\u00e9veille une m\u00e9moireChaque d\u00e9tail touche l\u2019\u00e2meCe n\u2019est pas une voitureC\u2019est une \u00e9motion pureUne sculpture qui respireUn hommage au pass\u00e9Une vision du futurUne invitation \u00e0 ressentir PORSCHE 964 TARGA &#8211; [RE]CREATION MANIFESTE Hedonic Machines orchestre un territoire r\u00e9cr\u00e9atif d&rsquo;exception, d\u00e9ployant m\u00e9thodiquement un [&hellip;]<\/p>","protected":false},"author":1,"featured_media":0,"parent":0,"menu_order":0,"comment_status":"closed","ping_status":"closed","template":"elementor_canvas","meta":{"footnotes":""},"class_list":["post-197","page","type-page","status-publish","hentry"],"_links":{"self":[{"href":"https:\/\/hedonic.grabuge.dev\/en\/wp-json\/wp\/v2\/pages\/197","targetHints":{"allow":["GET"]}}],"collection":[{"href":"https:\/\/hedonic.grabuge.dev\/en\/wp-json\/wp\/v2\/pages"}],"about":[{"href":"https:\/\/hedonic.grabuge.dev\/en\/wp-json\/wp\/v2\/types\/page"}],"author":[{"embeddable":true,"href":"https:\/\/hedonic.grabuge.dev\/en\/wp-json\/wp\/v2\/users\/1"}],"replies":[{"embeddable":true,"href":"https:\/\/hedonic.grabuge.dev\/en\/wp-json\/wp\/v2\/comments?post=197"}],"version-history":[{"count":106,"href":"https:\/\/hedonic.grabuge.dev\/en\/wp-json\/wp\/v2\/pages\/197\/revisions"}],"predecessor-version":[{"id":551,"href":"https:\/\/hedonic.grabuge.dev\/en\/wp-json\/wp\/v2\/pages\/197\/revisions\/551"}],"wp:attachment":[{"href":"https:\/\/hedonic.grabuge.dev\/en\/wp-json\/wp\/v2\/media?parent=197"}],"curies":[{"name":"wp","href":"https:\/\/api.w.org\/{rel}","templated":true}]}}